{"id":26470,"date":"2025-10-13T12:39:45","date_gmt":"2025-10-13T10:39:45","guid":{"rendered":"https:\/\/fuerst-reisen.de\/?page_id=26470"},"modified":"2025-10-13T12:42:55","modified_gmt":"2025-10-13T10:42:55","slug":"barrierefreiheit","status":"publish","type":"page","link":"https:\/\/fuerst-reisen.de\/en\/barrierefreiheit\/","title":{"rendered":"Barrierefreiheit"},"content":{"rendered":"\t\t<div data-elementor-type=\"wp-page\" data-elementor-id=\"26470\" class=\"elementor elementor-26470\">\n\t\t\t\t<div class=\"elementor-element elementor-element-978d33d e-flex e-con-boxed wpr-particle-no wpr-jarallax-no wpr-parallax-no wpr-sticky-section-no wpr-equal-height-no e-con e-parent\" data-id=\"978d33d\" data-element_type=\"container\" data-e-type=\"container\" data-settings=\"{&quot;background_background&quot;:&quot;classic&quot;}\">\n\t\t\t\t\t<div class=\"e-con-inner\">\n\t\t<div class=\"elementor-element elementor-element-d83a64b e-con-full e-flex wpr-particle-no wpr-jarallax-no wpr-parallax-no wpr-sticky-section-no wpr-equal-height-no e-con e-child\" data-id=\"d83a64b\" data-element_type=\"container\" data-e-type=\"container\">\n\t\t\t\t<div class=\"elementor-element elementor-element-ada0b0f elementor-widget elementor-widget-heading\" data-id=\"ada0b0f\" data-element_type=\"widget\" data-e-type=\"widget\" data-widget_type=\"heading.default\">\n\t\t\t\t<div class=\"elementor-widget-container\">\n\t\t\t\t\t<h1 class=\"elementor-heading-title elementor-size-default\">Erkl\u00e4rung zur Barrierefreiheit<\/h1>\t\t\t\t<\/div>\n\t\t\t\t<\/div>\n\t\t\t\t<div class=\"elementor-element elementor-element-5ded094 elementor-widget elementor-widget-text-editor\" data-id=\"5ded094\" data-element_type=\"widget\" data-e-type=\"widget\" data-widget_type=\"text-editor.default\">\n\t\t\t\t<div class=\"elementor-widget-container\">\n\t\t\t\t\t\t\t\t\t<p>\u00a0<\/p><p>F\u00fcrst Reisen ist bem\u00fcht, die Website <strong>https:\/\/fuerst-reisen.de<\/strong> im Einklang mit dem<br \/><strong>Barrierefreiheitsst\u00e4rkungsgesetz (BFSG)<\/strong> barrierefrei zug\u00e4nglich zu machen.<br \/>Diese Erkl\u00e4rung zur Barrierefreiheit gilt f\u00fcr die gesamte Website.<\/p><h2>Stand der Vereinbarkeit mit den Anforderungen<\/h2><p>Diese Website ist <strong>teilweise barrierefrei<\/strong>.<br \/>Sie erf\u00fcllt die meisten Anforderungen der <strong>WCAG 2.1 (Konformit\u00e4tsstufe AA)<\/strong>.<br \/>Einige Bereiche sind derzeit noch nicht vollst\u00e4ndig barrierefrei, insbesondere:<\/p><ul><li>einzelne Farbkontraste (Text-Hintergrund) sind noch zu gering,<\/li><li>einige Bilder verf\u00fcgen noch nicht \u00fcber Alternativtexte,<\/li><li>bei interaktiven Elementen (z. B. Akkordeons) k\u00f6nnen vereinzelte ARIA-Hinweise auftreten.<\/li><\/ul><h2>Feedback und Kontakt<\/h2><p>Wenn Ihnen Barrieren auf unserer Website auffallen oder Sie Schwierigkeiten bei der Nutzung haben,<br \/>k\u00f6nnen Sie uns jederzeit kontaktieren:<\/p><p><strong>F\u00fcrst Reisen GmbH<\/strong><br \/>E-Mail: <a href=\"mailto:info@fuerst-reisen.de\">info@fuerst-reisen.de<\/a><br \/>Telefon: <a href=\"tel:+49XXXXXXX\">+49 30 7901820<\/a><\/p><h2>Durchsetzungsverfahren<\/h2><p>Sollten Sie mit der Antwort auf Ihre R\u00fcckmeldung nicht zufrieden sein,<br \/>k\u00f6nnen Sie sich an die Schlichtungsstelle nach dem Behindertengleichstellungsgesetz wenden.<\/p><p><strong>Schlichtungsstelle BGG<\/strong><br \/>bei der Beauftragten der Bundesregierung f\u00fcr die Belange von Menschen mit Behinderungen<br \/>Mauerstra\u00dfe 53, 10117 Berlin<br \/>Web: <a href=\"https:\/\/www.schlichtungsstelle-bgg.de\">www.schlichtungsstelle-bgg.de<\/a><br \/>E-Mail: <a href=\"mailto:info@schlichtungsstelle-bgg.de\">info@schlichtungsstelle-bgg.de<\/a><\/p><h2>Datum der Erstellung<\/h2><p>Diese Erkl\u00e4rung wurde am <strong>13. Oktober 2025<\/strong> erstellt und zuletzt \u00fcberpr\u00fcft am <strong>[heutiges Datum einsetzen]<\/strong>.<\/p>\t\t\t\t\t\t\t\t<\/div>\n\t\t\t\t<\/div>\n\t\t<div class=\"elementor-element elementor-element-7df35d1 e-con-full e-flex wpr-particle-no wpr-jarallax-no wpr-parallax-no wpr-sticky-section-no wpr-equal-height-no e-con e-child\" data-id=\"7df35d1\" data-element_type=\"container\" data-e-type=\"container\">\n\t\t<div class=\"elementor-element elementor-element-cd63d5d e-con-full e-flex wpr-particle-no wpr-jarallax-no wpr-parallax-no wpr-sticky-section-no wpr-equal-height-no e-con e-child\" data-id=\"cd63d5d\" data-element_type=\"container\" data-e-type=\"container\">\n\t\t\t\t<\/div>\n\t\t\t\t<\/div>\n\t\t\t\t<\/div>\n\t\t\t\t\t<\/div>\n\t\t\t\t<\/div>\n\t\t\t\t<\/div>\n\t\t","protected":false},"excerpt":{"rendered":"<p>Erkl\u00e4rung zur Barrierefreiheit \u00a0 F\u00fcrst Reisen ist bem\u00fcht, die Website https:\/\/fuerst-reisen.de im Einklang mit demBarrierefreiheitsst\u00e4rkungsgesetz (BFSG) barrierefrei zug\u00e4nglich zu machen.Diese Erkl\u00e4rung zur Barrierefreiheit gilt f\u00fcr die gesamte Website. Stand der Vereinbarkeit mit den Anforderungen Diese Website ist teilweise barrierefrei.Sie erf\u00fcllt die meisten Anforderungen der WCAG 2.1 (Konformit\u00e4tsstufe AA).Einige Bereiche sind derzeit noch nicht vollst\u00e4ndig barrierefrei, insbesondere: einzelne Farbkontraste (Text-Hintergrund) sind noch zu gering, einige Bilder verf\u00fcgen noch nicht \u00fcber Alternativtexte, bei interaktiven Elementen (z. B. Akkordeons) k\u00f6nnen vereinzelte ARIA-Hinweise auftreten. Feedback und Kontakt Wenn Ihnen Barrieren auf unserer Website auffallen oder Sie Schwierigkeiten bei der Nutzung haben,k\u00f6nnen Sie uns jederzeit kontaktieren: F\u00fcrst Reisen GmbHE-Mail: info@fuerst-reisen.deTelefon: +49 30 7901820 Durchsetzungsverfahren Sollten Sie mit der Antwort auf Ihre R\u00fcckmeldung nicht zufrieden sein,k\u00f6nnen Sie sich an die Schlichtungsstelle nach dem Behindertengleichstellungsgesetz wenden. Schlichtungsstelle BGGbei der Beauftragten der Bundesregierung f\u00fcr die Belange von Menschen mit BehinderungenMauerstra\u00dfe 53, 10117 BerlinWeb: www.schlichtungsstelle-bgg.deE-Mail: info@schlichtungsstelle-bgg.de Datum der Erstellung Diese Erkl\u00e4rung wurde am 13. Oktober 2025 erstellt und zuletzt \u00fcberpr\u00fcft am [heutiges Datum einsetzen].<\/p>\n","protected":false},"author":5,"featured_media":0,"parent":0,"menu_order":0,"comment_status":"closed","ping_status":"closed","template":"elementor_header_footer","meta":{"footnotes":""},"class_list":["post-26470","page","type-page","status-publish","hentry"],"yoast_head":"<!-- This site is optimized with the Yoast SEO plugin v27.4 - https:\/\/yoast.com\/product\/yoast-seo-wordpress\/ -->\n<title>Barrierefreiheit - F\u00fcrst Reisen Berlin<\/title>\n<meta name=\"robots\" content=\"index, follow, max-snippet:-1, max-image-preview:large, max-video-preview:-1\" \/>\n<link rel=\"canonical\" href=\"https:\/\/fuerst-reisen.de\/en\/barrierefreiheit\/\" \/>\n<meta property=\"og:locale\" content=\"en_GB\" \/>\n<meta property=\"og:type\" content=\"article\" \/>\n<meta property=\"og:title\" content=\"Barrierefreiheit - F\u00fcrst Reisen Berlin\" \/>\n<meta property=\"og:description\" content=\"Erkl\u00e4rung zur Barrierefreiheit \u00a0 F\u00fcrst Reisen ist bem\u00fcht, die Website https:\/\/fuerst-reisen.de im Einklang mit demBarrierefreiheitsst\u00e4rkungsgesetz (BFSG) barrierefrei zug\u00e4nglich zu machen.Diese Erkl\u00e4rung zur Barrierefreiheit gilt f\u00fcr die gesamte Website. Stand der Vereinbarkeit mit den Anforderungen Diese Website ist teilweise barrierefrei.Sie erf\u00fcllt die meisten Anforderungen der WCAG 2.1 (Konformit\u00e4tsstufe AA).Einige Bereiche sind derzeit noch nicht vollst\u00e4ndig barrierefrei, insbesondere: einzelne Farbkontraste (Text-Hintergrund) sind noch zu gering, einige Bilder verf\u00fcgen noch nicht \u00fcber Alternativtexte, bei interaktiven Elementen (z. B. Akkordeons) k\u00f6nnen vereinzelte ARIA-Hinweise auftreten. Feedback und Kontakt Wenn Ihnen Barrieren auf unserer Website auffallen oder Sie Schwierigkeiten bei der Nutzung haben,k\u00f6nnen Sie uns jederzeit kontaktieren: F\u00fcrst Reisen GmbHE-Mail: info@fuerst-reisen.deTelefon: +49 30 7901820 Durchsetzungsverfahren Sollten Sie mit der Antwort auf Ihre R\u00fcckmeldung nicht zufrieden sein,k\u00f6nnen Sie sich an die Schlichtungsstelle nach dem Behindertengleichstellungsgesetz wenden. Schlichtungsstelle BGGbei der Beauftragten der Bundesregierung f\u00fcr die Belange von Menschen mit BehinderungenMauerstra\u00dfe 53, 10117 BerlinWeb: www.schlichtungsstelle-bgg.deE-Mail: info@schlichtungsstelle-bgg.de Datum der Erstellung Diese Erkl\u00e4rung wurde am 13. Oktober 2025 erstellt und zuletzt \u00fcberpr\u00fcft am [heutiges Datum einsetzen].\" \/>\n<meta property=\"og:url\" content=\"https:\/\/fuerst-reisen.de\/en\/barrierefreiheit\/\" \/>\n<meta property=\"og:site_name\" content=\"F\u00fcrst Reisen Berlin\" \/>\n<meta property=\"article:modified_time\" content=\"2025-10-13T10:42:55+00:00\" \/>\n<meta name=\"twitter:card\" content=\"summary_large_image\" \/>\n<meta name=\"twitter:label1\" content=\"Estimated reading time\" \/>\n\t<meta name=\"twitter:data1\" content=\"1 minute\" \/>\n<script type=\"application\/ld+json\" class=\"yoast-schema-graph\">{\"@context\":\"https:\\\/\\\/schema.org\",\"@graph\":[{\"@type\":\"WebPage\",\"@id\":\"https:\\\/\\\/fuerst-reisen.de\\\/barrierefreiheit\\\/\",\"url\":\"https:\\\/\\\/fuerst-reisen.de\\\/barrierefreiheit\\\/\",\"name\":\"Barrierefreiheit - F\u00fcrst Reisen Berlin\",\"isPartOf\":{\"@id\":\"https:\\\/\\\/fuerst-reisen.de\\\/#website\"},\"datePublished\":\"2025-10-13T10:39:45+00:00\",\"dateModified\":\"2025-10-13T10:42:55+00:00\",\"breadcrumb\":{\"@id\":\"https:\\\/\\\/fuerst-reisen.de\\\/barrierefreiheit\\\/#breadcrumb\"},\"inLanguage\":\"en-GB\",\"potentialAction\":[{\"@type\":\"ReadAction\",\"target\":[\"https:\\\/\\\/fuerst-reisen.de\\\/barrierefreiheit\\\/\"]}]},{\"@type\":\"BreadcrumbList\",\"@id\":\"https:\\\/\\\/fuerst-reisen.de\\\/barrierefreiheit\\\/#breadcrumb\",\"itemListElement\":[{\"@type\":\"ListItem\",\"position\":1,\"name\":\"Startseite\",\"item\":\"https:\\\/\\\/fuerst-reisen.de\\\/\"},{\"@type\":\"ListItem\",\"position\":2,\"name\":\"Barrierefreiheit\"}]},{\"@type\":\"WebSite\",\"@id\":\"https:\\\/\\\/fuerst-reisen.de\\\/#website\",\"url\":\"https:\\\/\\\/fuerst-reisen.de\\\/\",\"name\":\"F\u00fcrst Reisen Berlin\",\"description\":\"\",\"potentialAction\":[{\"@type\":\"SearchAction\",\"target\":{\"@type\":\"EntryPoint\",\"urlTemplate\":\"https:\\\/\\\/fuerst-reisen.de\\\/?s={search_term_string}\"},\"query-input\":{\"@type\":\"PropertyValueSpecification\",\"valueRequired\":true,\"valueName\":\"search_term_string\"}}],\"inLanguage\":\"en-GB\"}]}<\/script>\n<!-- \/ Yoast SEO plugin. -->","yoast_head_json":{"title":"Barrierefreiheit - F\u00fcrst Reisen Berlin","robots":{"index":"index","follow":"follow","max-snippet":"max-snippet:-1","max-image-preview":"max-image-preview:large","max-video-preview":"max-video-preview:-1"},"canonical":"https:\/\/fuerst-reisen.de\/en\/barrierefreiheit\/","og_locale":"en_GB","og_type":"article","og_title":"Barrierefreiheit - F\u00fcrst Reisen Berlin","og_description":"Erkl\u00e4rung zur Barrierefreiheit \u00a0 F\u00fcrst Reisen ist bem\u00fcht, die Website https:\/\/fuerst-reisen.de im Einklang mit demBarrierefreiheitsst\u00e4rkungsgesetz (BFSG) barrierefrei zug\u00e4nglich zu machen.Diese Erkl\u00e4rung zur Barrierefreiheit gilt f\u00fcr die gesamte Website. Stand der Vereinbarkeit mit den Anforderungen Diese Website ist teilweise barrierefrei.Sie erf\u00fcllt die meisten Anforderungen der WCAG 2.1 (Konformit\u00e4tsstufe AA).Einige Bereiche sind derzeit noch nicht vollst\u00e4ndig barrierefrei, insbesondere: einzelne Farbkontraste (Text-Hintergrund) sind noch zu gering, einige Bilder verf\u00fcgen noch nicht \u00fcber Alternativtexte, bei interaktiven Elementen (z. B. Akkordeons) k\u00f6nnen vereinzelte ARIA-Hinweise auftreten. Feedback und Kontakt Wenn Ihnen Barrieren auf unserer Website auffallen oder Sie Schwierigkeiten bei der Nutzung haben,k\u00f6nnen Sie uns jederzeit kontaktieren: F\u00fcrst Reisen GmbHE-Mail: info@fuerst-reisen.deTelefon: +49 30 7901820 Durchsetzungsverfahren Sollten Sie mit der Antwort auf Ihre R\u00fcckmeldung nicht zufrieden sein,k\u00f6nnen Sie sich an die Schlichtungsstelle nach dem Behindertengleichstellungsgesetz wenden. Schlichtungsstelle BGGbei der Beauftragten der Bundesregierung f\u00fcr die Belange von Menschen mit BehinderungenMauerstra\u00dfe 53, 10117 BerlinWeb: www.schlichtungsstelle-bgg.deE-Mail: info@schlichtungsstelle-bgg.de Datum der Erstellung Diese Erkl\u00e4rung wurde am 13. Oktober 2025 erstellt und zuletzt \u00fcberpr\u00fcft am [heutiges Datum einsetzen].","og_url":"https:\/\/fuerst-reisen.de\/en\/barrierefreiheit\/","og_site_name":"F\u00fcrst Reisen Berlin","article_modified_time":"2025-10-13T10:42:55+00:00","twitter_card":"summary_large_image","twitter_misc":{"Estimated reading time":"1 minute"},"schema":{"@context":"https:\/\/schema.org","@graph":[{"@type":"WebPage","@id":"https:\/\/fuerst-reisen.de\/barrierefreiheit\/","url":"https:\/\/fuerst-reisen.de\/barrierefreiheit\/","name":"Barrierefreiheit - F\u00fcrst Reisen Berlin","isPartOf":{"@id":"https:\/\/fuerst-reisen.de\/#website"},"datePublished":"2025-10-13T10:39:45+00:00","dateModified":"2025-10-13T10:42:55+00:00","breadcrumb":{"@id":"https:\/\/fuerst-reisen.de\/barrierefreiheit\/#breadcrumb"},"inLanguage":"en-GB","potentialAction":[{"@type":"ReadAction","target":["https:\/\/fuerst-reisen.de\/barrierefreiheit\/"]}]},{"@type":"BreadcrumbList","@id":"https:\/\/fuerst-reisen.de\/barrierefreiheit\/#breadcrumb","itemListElement":[{"@type":"ListItem","position":1,"name":"Startseite","item":"https:\/\/fuerst-reisen.de\/"},{"@type":"ListItem","position":2,"name":"Barrierefreiheit"}]},{"@type":"WebSite","@id":"https:\/\/fuerst-reisen.de\/#website","url":"https:\/\/fuerst-reisen.de\/","name":"F\u00fcrst Reisen Berlin","description":"","potentialAction":[{"@type":"SearchAction","target":{"@type":"EntryPoint","urlTemplate":"https:\/\/fuerst-reisen.de\/?s={search_term_string}"},"query-input":{"@type":"PropertyValueSpecification","valueRequired":true,"valueName":"search_term_string"}}],"inLanguage":"en-GB"}]}},"_links":{"self":[{"href":"https:\/\/fuerst-reisen.de\/en\/wp-json\/wp\/v2\/pages\/26470","targetHints":{"allow":["GET"]}}],"collection":[{"href":"https:\/\/fuerst-reisen.de\/en\/wp-json\/wp\/v2\/pages"}],"about":[{"href":"https:\/\/fuerst-reisen.de\/en\/wp-json\/wp\/v2\/types\/page"}],"author":[{"embeddable":true,"href":"https:\/\/fuerst-reisen.de\/en\/wp-json\/wp\/v2\/users\/5"}],"replies":[{"embeddable":true,"href":"https:\/\/fuerst-reisen.de\/en\/wp-json\/wp\/v2\/comments?post=26470"}],"version-history":[{"count":0,"href":"https:\/\/fuerst-reisen.de\/en\/wp-json\/wp\/v2\/pages\/26470\/revisions"}],"wp:attachment":[{"href":"https:\/\/fuerst-reisen.de\/en\/wp-json\/wp\/v2\/media?parent=26470"}],"curies":[{"name":"wp","href":"https:\/\/api.w.org\/{rel}","templated":true}]}}